{"id":1013,"date":"2021-10-11T05:05:08","date_gmt":"2021-10-11T05:05:08","guid":{"rendered":"http:\/\/luskmultimarcas.com.br\/?page_id=1013"},"modified":"2023-05-10T08:04:33","modified_gmt":"2023-05-10T11:04:33","slug":"new-arrivals","status":"publish","type":"page","link":"https:\/\/luskmultimarcas.com.br\/?page_id=1013","title":{"rendered":"Novidades"},"content":{"rendered":"\n<div class=\"wp-block-cover alignwide is-light\"><span aria-hidden=\"true\" class=\"wp-block-cover__background has-ast-global-color-1-background-color has-background-dim\"><\/span><img fetchpriority=\"high\" decoding=\"async\" width=\"1920\" height=\"800\" class=\"wp-block-cover__image-background wp-image-679\" alt=\"\" src=\"https:\/\/luskmultimarcas.com.br\/wp-content\/uploads\/2021\/07\/fashion-designer-template-new-arrival-header-img.jpg\" data-object-fit=\"cover\" srcset=\"https:\/\/luskmultimarcas.com.br\/wp-content\/uploads\/2021\/07\/fashion-designer-template-new-arrival-header-img.jpg 1920w, https:\/\/luskmultimarcas.com.br\/wp-content\/uploads\/2021\/07\/fashion-designer-template-new-arrival-header-img-600x250.jpg 600w, https:\/\/luskmultimarcas.com.br\/wp-content\/uploads\/2021\/07\/fashion-designer-template-new-arrival-header-img-300x125.jpg 300w, https:\/\/luskmultimarcas.com.br\/wp-content\/uploads\/2021\/07\/fashion-designer-template-new-arrival-header-img-1024x427.jpg 1024w, https:\/\/luskmultimarcas.com.br\/wp-content\/uploads\/2021\/07\/fashion-designer-template-new-arrival-header-img-768x320.jpg 768w, https:\/\/luskmultimarcas.com.br\/wp-content\/uploads\/2021\/07\/fashion-designer-template-new-arrival-header-img-1536x640.jpg 1536w\" sizes=\"(max-width: 1920px) 100vw, 1920px\" \/><div class=\"wp-block-cover__inner-container is-layout-flow wp-block-cover-is-layout-flow\">\n<div class=\"wp-block-columns is-layout-flex wp-container-core-columns-is-layout-28f84493 wp-block-columns-is-layout-flex\">\n<div class=\"wp-block-column is-layout-flow wp-block-column-is-layout-flow\">\n<h2 class=\"wp-block-heading has-ast-global-color-4-color has-text-color\">Novidades\u200b<\/h2>\n<\/div>\n\n\n\n<div class=\"wp-block-column is-vertically-aligned-center is-layout-flow wp-block-column-is-layout-flow\">\n<p class=\"has-ast-global-color-6-color has-text-color\" style=\"font-size:22px\"><strong>Veja as novidades que chegaram<\/strong><\/p>\n<\/div>\n<\/div>\n<\/div><\/div>\n\n\n\n<div class=\"inherit-container-width wp-block-group alignfull is-layout-constrained wp-block-group-is-layout-constrained\"><div class=\"wp-block-group__inner-container\"><div class=\"woocommerce columns-4 \"><\/div>\n<\/div><\/div>\n\n\n\n<div class=\"inherit-container-width wp-block-group alignfull is-layout-constrained wp-block-group-is-layout-constrained\"><div class=\"wp-block-group__inner-container\">\n<div class=\"wp-block-columns is-layout-flex wp-container-core-columns-is-layout-28f84493 wp-block-columns-is-layout-flex\">\n<div class=\"wp-block-column is-layout-flow wp-block-column-is-layout-flow\" style=\"flex-basis:30%\">\n<div class=\"wp-block-uagb-info-box uagb-block-da070ce5 uagb-infobox__content-wrap  uagb-infobox-icon-above-title uagb-infobox-image-valign-top uagb-infobox__outer-wrap\"><div class=\"uagb-ifb-content\"><div class=\"uagb-ifb-icon-wrap\"><svg xmlns=\"https:\/\/www.w3.org\/2000\/svg\" viewBox=\"0 0 512 512\"><path d=\"M272 192V320H304C311 320 317.7 321.5 323.7 324.2L443.8 192H415.5C415.8 186.7 416 181.4 416 176C416 112.1 393.8 54.84 358.9 16.69C450 49.27 493.4 122.6 507.8 173.6C510.5 183.1 502.1 192 493.1 192H487.1L346.8 346.3C350.1 352.8 352 360.2 352 368V464C352 490.5 330.5 512 304 512H207.1C181.5 512 159.1 490.5 159.1 464V368C159.1 360.2 161.9 352.8 165.2 346.3L24.92 192H18.89C9 192 1.483 183.1 4.181 173.6C18.64 122.6 61.97 49.27 153.1 16.69C118.2 54.84 96 112.1 96 176C96 181.4 96.16 186.7 96.47 192H68.17L188.3 324.2C194.3 321.5 200.1 320 207.1 320H239.1V192H128.5C128.2 186.7 127.1 181.4 127.1 176C127.1 125 143.9 80.01 168.2 48.43C192.5 16.89 223.8 0 255.1 0C288.2 0 319.5 16.89 343.8 48.43C368.1 80.01 384 125 384 176C384 181.4 383.8 186.7 383.5 192H272z\"><\/path><\/svg><\/div><div class=\"uagb-ifb-title-wrap\"><h6 class=\"uagb-ifb-title\">Devolu\u00e7\u00f5es<\/h6><\/div><p class=\"uagb-ifb-desc\">Fiquem atentos aos per\u00edodos de devolu\u00e7\u00e3o ou trocas.<\/p><\/div><\/div>\n<\/div>\n\n\n\n<div class=\"wp-block-column is-layout-flow wp-block-column-is-layout-flow\" style=\"flex-basis:30%\">\n<div class=\"wp-block-uagb-info-box uagb-block-ef5f05e1 uagb-infobox__content-wrap  uagb-infobox-icon-above-title uagb-infobox-image-valign-top uagb-infobox__outer-wrap\"><div class=\"uagb-ifb-content\"><div class=\"uagb-ifb-icon-wrap\"><svg xmlns=\"https:\/\/www.w3.org\/2000\/svg\" viewBox=\"0 0 640 512\"><path d=\"M368 0C394.5 0 416 21.49 416 48V96H466.7C483.7 96 499.1 102.7 512 114.7L589.3 192C601.3 204 608 220.3 608 237.3V352C625.7 352 640 366.3 640 384C640 401.7 625.7 416 608 416H576C576 469 533 512 480 512C426.1 512 384 469 384 416H256C256 469 213 512 160 512C106.1 512 64 469 64 416H48C21.49 416 0 394.5 0 368V48C0 21.49 21.49 0 48 0H368zM416 160V256H544V237.3L466.7 160H416zM160 368C133.5 368 112 389.5 112 416C112 442.5 133.5 464 160 464C186.5 464 208 442.5 208 416C208 389.5 186.5 368 160 368zM480 464C506.5 464 528 442.5 528 416C528 389.5 506.5 368 480 368C453.5 368 432 389.5 432 416C432 442.5 453.5 464 480 464z\"><\/path><\/svg><\/div><div class=\"uagb-ifb-title-wrap\"><h6 class=\"uagb-ifb-title\">CONSULTE O FRETE<\/h6><\/div><p class=\"uagb-ifb-desc\">Entrem em contato conosco para consultar o seu frete.<\/p><\/div><\/div>\n<\/div>\n\n\n\n<div class=\"wp-block-column is-layout-flow wp-block-column-is-layout-flow\" style=\"flex-basis:40%\">\n<h5 class=\"wp-block-heading\">Assine nossa Newsletter<\/h5>\n\n\n<div class=\"wpforms-container wpforms-block wpforms-block-b49f40d2-0df2-4d46-9423-88f443f79ca3 inline-fields\" id=\"wpforms-11\"><form id=\"wpforms-form-11\" class=\"wpforms-validate wpforms-form\" data-formid=\"11\" method=\"post\" enctype=\"multipart\/form-data\" action=\"\/index.php?rest_route=%2Fwp%2Fv2%2Fpages%2F1013\" data-token=\"bbf0de70b42163b6e7b9f71001be40d9\" data-token-time=\"1776427984\"><noscript class=\"wpforms-error-noscript\">Ative o JavaScript no seu navegador para preencher este formul\u00e1rio.<\/noscript><div class=\"wpforms-field-container\"><div id=\"wpforms-11-field_1-container\" class=\"wpforms-field wpforms-field-email\" data-field-id=\"1\"><label class=\"wpforms-field-label wpforms-label-hide\" for=\"wpforms-11-field_1\">Email <span class=\"wpforms-required-label\">*<\/span><\/label><input type=\"email\" id=\"wpforms-11-field_1\" class=\"wpforms-field-large wpforms-field-required\" name=\"wpforms[fields][1]\" placeholder=\"Seu e-mail\" spellcheck=\"false\" required><\/div><\/div><!-- .wpforms-field-container --><div class=\"wpforms-submit-container\" ><input type=\"hidden\" name=\"wpforms[id]\" value=\"11\"><input type=\"hidden\" name=\"page_title\" value=\"\"><input type=\"hidden\" name=\"page_url\" value=\"https:\/\/luskmultimarcas.com.br\/index.php?rest_route=\/wp\/v2\/pages\/1013\"><input type=\"hidden\" name=\"url_referer\" value=\"\"><button type=\"submit\" name=\"wpforms[submit]\" id=\"wpforms-submit-11\" class=\"wpforms-submit\" data-alt-text=\"Assinando...\" data-submit-text=\"Assine\" aria-live=\"assertive\" value=\"wpforms-submit\">Assine<\/button><\/div><\/form><\/div>  <!-- .wpforms-container --><\/div>\n<\/div>\n<\/div><\/div>\n\n\n\n<p><\/p>\n","protected":false},"excerpt":{"rendered":"<p>Assine nossa Newsletter<\/p>\n","protected":false},"author":1,"featured_media":0,"parent":0,"menu_order":0,"comment_status":"closed","ping_status":"closed","template":"","meta":{"_uag_custom_page_level_css":"","site-sidebar-layout":"no-sidebar","site-content-layout":"plain-container","ast-site-content-layout":"default","site-content-style":"default","site-sidebar-style":"default","ast-global-header-display":"","ast-banner-title-visibility":"","ast-main-header-display":"","ast-hfb-above-header-display":"","ast-hfb-below-header-display":"","ast-hfb-mobile-header-display":"","site-post-title":"disabled","ast-breadcrumbs-content":"","ast-featured-img":"disabled","footer-sml-layout":"","theme-transparent-header-meta":"default","adv-header-id-meta":"","stick-header-meta":"","header-above-stick-meta":"","header-main-stick-meta":"","header-below-stick-meta":"","astra-migrate-meta-layouts":"default","ast-page-background-enabled":"default","ast-page-background-meta":{"desktop":{"background-color":"","background-image":"","background-repeat":"repeat","background-position":"center center","background-size":"auto","background-attachment":"scroll","background-type":"","background-media":"","overlay-type":"","overlay-color":"","overlay-opacity":"","overlay-gradient":""},"tablet":{"background-color":"","background-image":"","background-repeat":"repeat","background-position":"center center","background-size":"auto","background-attachment":"scroll","background-type":"","background-media":"","overlay-type":"","overlay-color":"","overlay-opacity":"","overlay-gradient":""},"mobile":{"background-color":"","background-image":"","background-repeat":"repeat","background-position":"center center","background-size":"auto","background-attachment":"scroll","background-type":"","background-media":"","overlay-type":"","overlay-color":"","overlay-opacity":"","overlay-gradient":""}},"ast-content-background-meta":{"desktop":{"background-color":"var(--ast-global-color-5)","background-image":"","background-repeat":"repeat","background-position":"center center","background-size":"auto","background-attachment":"scroll","background-type":"","background-media":"","overlay-type":"","overlay-color":"","overlay-opacity":"","overlay-gradient":""},"tablet":{"background-color":"var(--ast-global-color-5)","background-image":"","background-repeat":"repeat","background-position":"center center","background-size":"auto","background-attachment":"scroll","background-type":"","background-media":"","overlay-type":"","overlay-color":"","overlay-opacity":"","overlay-gradient":""},"mobile":{"background-color":"var(--ast-global-color-5)","background-image":"","background-repeat":"repeat","background-position":"center center","background-size":"auto","background-attachment":"scroll","background-type":"","background-media":"","overlay-type":"","overlay-color":"","overlay-opacity":"","overlay-gradient":""}},"footnotes":""},"class_list":["post-1013","page","type-page","status-publish","hentry"],"aioseo_notices":[],"uagb_featured_image_src":{"full":false,"thumbnail":false,"medium":false,"medium_large":false,"large":false,"1536x1536":false,"2048x2048":false,"woocommerce_thumbnail":false,"woocommerce_single":false,"woocommerce_gallery_thumbnail":false},"uagb_author_info":{"display_name":"luskmultimarcas17@gmail.com","author_link":"https:\/\/luskmultimarcas.com.br\/?author=1"},"uagb_comment_info":0,"uagb_excerpt":"Assine nossa Newsletter","_links":{"self":[{"href":"https:\/\/luskmultimarcas.com.br\/index.php?rest_route=\/wp\/v2\/pages\/1013","targetHints":{"allow":["GET"]}}],"collection":[{"href":"https:\/\/luskmultimarcas.com.br\/index.php?rest_route=\/wp\/v2\/pages"}],"about":[{"href":"https:\/\/luskmultimarcas.com.br\/index.php?rest_route=\/wp\/v2\/types\/page"}],"author":[{"embeddable":true,"href":"https:\/\/luskmultimarcas.com.br\/index.php?rest_route=\/wp\/v2\/users\/1"}],"replies":[{"embeddable":true,"href":"https:\/\/luskmultimarcas.com.br\/index.php?rest_route=%2Fwp%2Fv2%2Fcomments&post=1013"}],"version-history":[{"count":11,"href":"https:\/\/luskmultimarcas.com.br\/index.php?rest_route=\/wp\/v2\/pages\/1013\/revisions"}],"predecessor-version":[{"id":1518,"href":"https:\/\/luskmultimarcas.com.br\/index.php?rest_route=\/wp\/v2\/pages\/1013\/revisions\/1518"}],"wp:attachment":[{"href":"https:\/\/luskmultimarcas.com.br\/index.php?rest_route=%2Fwp%2Fv2%2Fmedia&parent=1013"}],"curies":[{"name":"wp","href":"https:\/\/api.w.org\/{rel}","templated":true}]}}